{"id":13863,"date":"2022-05-10T11:41:01","date_gmt":"2022-05-10T12:41:01","guid":{"rendered":"https:\/\/freguesiadeurzelina.pt\/?page_id=13863"},"modified":"2026-04-21T13:38:38","modified_gmt":"2026-04-21T14:38:38","slug":"regulamentos","status":"publish","type":"page","link":"https:\/\/freguesiadeurzelina.pt\/?page_id=13863","title":{"rendered":"Regulamentos"},"content":{"rendered":"\n<ul><li><a rel=\"noreferrer noopener\" href=\"https:\/\/freguesiadeurzelina.pt\/wp-content\/uploads\/2023\/04\/Regulamento-Inventario.pdf\" target=\"_blank\">Regulamento de Invent\u00e1rio e Cadastro do Patrim\u00f3nio da Freguesia<\/a><\/li><li><a rel=\"noreferrer noopener\" href=\"https:\/\/freguesiadeurzelina.pt\/wp-content\/uploads\/2022\/05\/Regulamento-do-Cemiterio-da-JFU.pdf\" target=\"_blank\">Regulamento do Cemit\u00e9rio da Junta de Freguesia de Urzelina<\/a><\/li><\/ul>\n\n\n\n<p><\/p>\n","protected":false},"excerpt":{"rendered":"<p>Regulamento de Invent\u00e1rio e Cadastro do Patrim\u00f3nio da Freguesia Regulamento do Cemit\u00e9rio da Junta de Freguesia de Urzelina<\/p>\n","protected":false},"author":1,"featured_media":0,"parent":0,"menu_order":0,"comment_status":"closed","ping_status":"closed","template":"","meta":[],"_links":{"self":[{"href":"https:\/\/freguesiadeurzelina.pt\/index.php?rest_route=\/wp\/v2\/pages\/13863"}],"collection":[{"href":"https:\/\/freguesiadeurzelina.pt\/index.php?rest_route=\/wp\/v2\/pages"}],"about":[{"href":"https:\/\/freguesiadeurzelina.pt\/index.php?rest_route=\/wp\/v2\/types\/page"}],"author":[{"embeddable":true,"href":"https:\/\/freguesiadeurzelina.pt\/index.php?rest_route=\/wp\/v2\/users\/1"}],"replies":[{"embeddable":true,"href":"https:\/\/freguesiadeurzelina.pt\/index.php?rest_route=%2Fwp%2Fv2%2Fcomments&post=13863"}],"version-history":[{"count":3,"href":"https:\/\/freguesiadeurzelina.pt\/index.php?rest_route=\/wp\/v2\/pages\/13863\/revisions"}],"predecessor-version":[{"id":14384,"href":"https:\/\/freguesiadeurzelina.pt\/index.php?rest_route=\/wp\/v2\/pages\/13863\/revisions\/14384"}],"wp:attachment":[{"href":"https:\/\/freguesiadeurzelina.pt\/index.php?rest_route=%2Fwp%2Fv2%2Fmedia&parent=13863"}],"curies":[{"name":"wp","href":"https:\/\/api.w.org\/{rel}","templated":true}]}}