{"id":13526,"date":"2022-04-05T14:34:03","date_gmt":"2022-04-05T15:34:03","guid":{"rendered":"https:\/\/freguesiadeurzelina.pt\/?page_id=13526"},"modified":"2025-11-04T15:34:58","modified_gmt":"2025-11-04T16:34:58","slug":"executivo","status":"publish","type":"page","link":"https:\/\/freguesiadeurzelina.pt\/?page_id=13526","title":{"rendered":"Presidente"},"content":{"rendered":"\n<p class=\"has-medium-font-size\">Andr\u00e9 Filipe dos Santos Silveira<\/p>\n\n\n\n<h2 class=\"has-large-font-size\">Secret\u00e1rio<\/h2>\n\n\n\n<p class=\"has-medium-font-size\">Jorge Manuel C\u00e2ndido da Silveira<\/p>\n\n\n\n<h2 class=\"has-large-font-size\">Tesoureira<\/h2>\n\n\n\n<p class=\"has-medium-font-size\">Madalena Freitas Cardoso<\/p>\n","protected":false},"excerpt":{"rendered":"<p>Andr\u00e9 Filipe dos Santos Silveira Secret\u00e1rio Jorge Manuel C\u00e2ndido da Silveira Tesoureira Madalena Freitas Cardoso<\/p>\n","protected":false},"author":1,"featured_media":0,"parent":0,"menu_order":0,"comment_status":"closed","ping_status":"closed","template":"","meta":[],"_links":{"self":[{"href":"https:\/\/freguesiadeurzelina.pt\/index.php?rest_route=\/wp\/v2\/pages\/13526"}],"collection":[{"href":"https:\/\/freguesiadeurzelina.pt\/index.php?rest_route=\/wp\/v2\/pages"}],"about":[{"href":"https:\/\/freguesiadeurzelina.pt\/index.php?rest_route=\/wp\/v2\/types\/page"}],"author":[{"embeddable":true,"href":"https:\/\/freguesiadeurzelina.pt\/index.php?rest_route=\/wp\/v2\/users\/1"}],"replies":[{"embeddable":true,"href":"https:\/\/freguesiadeurzelina.pt\/index.php?rest_route=%2Fwp%2Fv2%2Fcomments&post=13526"}],"version-history":[{"count":6,"href":"https:\/\/freguesiadeurzelina.pt\/index.php?rest_route=\/wp\/v2\/pages\/13526\/revisions"}],"predecessor-version":[{"id":14334,"href":"https:\/\/freguesiadeurzelina.pt\/index.php?rest_route=\/wp\/v2\/pages\/13526\/revisions\/14334"}],"wp:attachment":[{"href":"https:\/\/freguesiadeurzelina.pt\/index.php?rest_route=%2Fwp%2Fv2%2Fmedia&parent=13526"}],"curies":[{"name":"wp","href":"https:\/\/api.w.org\/{rel}","templated":true}]}}