{"id":13506,"date":"2022-04-05T13:59:37","date_gmt":"2022-04-05T14:59:37","guid":{"rendered":"https:\/\/freguesiadeurzelina.pt\/?page_id=13506"},"modified":"2022-04-05T13:59:38","modified_gmt":"2022-04-05T14:59:38","slug":"informacao-turistica","status":"publish","type":"page","link":"https:\/\/freguesiadeurzelina.pt\/?page_id=13506","title":{"rendered":"Informa\u00e7\u00e3o Tur\u00edstica"},"content":{"rendered":"","protected":false},"excerpt":{"rendered":"","protected":false},"author":1,"featured_media":0,"parent":0,"menu_order":0,"comment_status":"closed","ping_status":"closed","template":"","meta":[],"_links":{"self":[{"href":"https:\/\/freguesiadeurzelina.pt\/index.php?rest_route=\/wp\/v2\/pages\/13506"}],"collection":[{"href":"https:\/\/freguesiadeurzelina.pt\/index.php?rest_route=\/wp\/v2\/pages"}],"about":[{"href":"https:\/\/freguesiadeurzelina.pt\/index.php?rest_route=\/wp\/v2\/types\/page"}],"author":[{"embeddable":true,"href":"https:\/\/freguesiadeurzelina.pt\/index.php?rest_route=\/wp\/v2\/users\/1"}],"replies":[{"embeddable":true,"href":"https:\/\/freguesiadeurzelina.pt\/index.php?rest_route=%2Fwp%2Fv2%2Fcomments&post=13506"}],"version-history":[{"count":1,"href":"https:\/\/freguesiadeurzelina.pt\/index.php?rest_route=\/wp\/v2\/pages\/13506\/revisions"}],"predecessor-version":[{"id":13507,"href":"https:\/\/freguesiadeurzelina.pt\/index.php?rest_route=\/wp\/v2\/pages\/13506\/revisions\/13507"}],"wp:attachment":[{"href":"https:\/\/freguesiadeurzelina.pt\/index.php?rest_route=%2Fwp%2Fv2%2Fmedia&parent=13506"}],"curies":[{"name":"wp","href":"https:\/\/api.w.org\/{rel}","templated":true}]}}