{"id":13430,"date":"2022-11-08T16:03:00","date_gmt":"2022-11-08T17:03:00","guid":{"rendered":"http:\/\/freguesiadeurzelina.pt\/?page_id=13430"},"modified":"2025-12-30T10:30:52","modified_gmt":"2025-12-30T11:30:52","slug":"orcamento","status":"publish","type":"page","link":"https:\/\/freguesiadeurzelina.pt\/?page_id=13430","title":{"rendered":"Or\u00e7amento"},"content":{"rendered":"\n<h2>2026<\/h2>\n\n\n\n<ul><li><a rel=\"noreferrer noopener\" href=\"https:\/\/freguesiadeurzelina.pt\/wp-content\/uploads\/2025\/12\/Orcamento-e-Plano-Orcamental-Plurianual-Inicial-2026.pdf\" target=\"_blank\">Or\u00e7amento<\/a><\/li><li><a rel=\"noreferrer noopener\" href=\"https:\/\/freguesiadeurzelina.pt\/wp-content\/uploads\/2025\/12\/Plano-Plurianual-de-Investimentos.pdf\" target=\"_blank\">Plano Plurianual de Investimentos<\/a><\/li><li><a href=\"https:\/\/freguesiadeurzelina.pt\/wp-content\/uploads\/2025\/12\/Plano-de-actividades-2026-1.pdf\" target=\"_blank\" rel=\"noreferrer noopener\">Plano de Atividades<\/a><\/li><\/ul>\n\n\n\n<h2>2025<\/h2>\n\n\n\n<ul><li><a rel=\"noreferrer noopener\" href=\"https:\/\/freguesiadeurzelina.pt\/wp-content\/uploads\/2024\/12\/Orcamento-e-Plano-Orcamental-Plurianual-Inicial-2025.pdf\" target=\"_blank\">Or\u00e7amento<\/a><\/li><li><a rel=\"noreferrer noopener\" href=\"https:\/\/freguesiadeurzelina.pt\/wp-content\/uploads\/2024\/12\/Plano-Plurianual-de-Investimentos.pdf\" target=\"_blank\">Execu\u00e7\u00e3o do Plano Plurianual de Investimentos<\/a><\/li><li><a href=\"https:\/\/freguesiadeurzelina.pt\/wp-content\/uploads\/2024\/12\/Plano-de-actividades-2025.pdf\" target=\"_blank\" rel=\"noreferrer noopener\">Plano de Atividades 2025<\/a><\/li><\/ul>\n\n\n\n<h2>2024<\/h2>\n\n\n\n<ul><li><a rel=\"noreferrer noopener\" href=\"https:\/\/freguesiadeurzelina.pt\/wp-content\/uploads\/2023\/12\/Orcamento-e-Plano-Orcamental-Plurianual-Inicial.pdf\" target=\"_blank\">Or\u00e7amento<\/a><\/li><li><a rel=\"noreferrer noopener\" href=\"https:\/\/freguesiadeurzelina.pt\/wp-content\/uploads\/2023\/12\/Plano-Plurianual-de-Investimentos.pdf\" target=\"_blank\">Execu\u00e7\u00e3o do Plano Plurianual de Investimentos<\/a><\/li><li><a href=\"https:\/\/freguesiadeurzelina.pt\/wp-content\/uploads\/2023\/12\/Plano-de-actividades-2024.pdf\" target=\"_blank\" rel=\"noreferrer noopener\">Plano de Atividades 2024<\/a><\/li><\/ul>\n\n\n\n<h2><strong>2023<\/strong><\/h2>\n\n\n\n<ul><li><a rel=\"noreferrer noopener\" href=\"https:\/\/freguesiadeurzelina.pt\/wp-content\/uploads\/2022\/11\/Orcamento-e-Plano-Orcamental-Plurianual-Inicial-2023.pdf\" target=\"_blank\">Or\u00e7amento<\/a><\/li><li><a rel=\"noreferrer noopener\" href=\"https:\/\/freguesiadeurzelina.pt\/wp-content\/uploads\/2022\/11\/Plano-Plurianual-de-Investimentos-2023.pdf\" target=\"_blank\">Execu\u00e7\u00e3o do Plano Plurianual de Investimentos<\/a><\/li><li><a rel=\"noreferrer noopener\" href=\"https:\/\/freguesiadeurzelina.pt\/wp-content\/uploads\/2022\/11\/Plano-de-actividades-2023.pdf\" target=\"_blank\">Plano de Atividades 2023<\/a><\/li><\/ul>\n\n\n\n<h2>2022<\/h2>\n\n\n\n<ul><li><a rel=\"noreferrer noopener\" href=\"https:\/\/freguesiadeurzelina.pt\/wp-content\/uploads\/2022\/05\/Orcamento-2022.pdf\" target=\"_blank\">Or\u00e7amento<\/a><\/li><li><a href=\"https:\/\/freguesiadeurzelina.pt\/wp-content\/uploads\/2022\/11\/PPI-2022.pdf\" target=\"_blank\" rel=\"noreferrer noopener\">Execu\u00e7\u00e3o do Plano Plurianual de Investimentos<\/a><\/li><li><a rel=\"noreferrer noopener\" href=\"https:\/\/freguesiadeurzelina.pt\/wp-content\/uploads\/2022\/05\/Plano-de-actividades-2022.pdf\" target=\"_blank\">Plano de Atividades 2022<\/a><\/li><\/ul>\n\n\n\n<h2>2021<\/h2>\n\n\n\n<ul><li><a rel=\"noreferrer noopener\" href=\"https:\/\/freguesiadeurzelina.pt\/wp-content\/uploads\/2022\/05\/Orcamento-2021.pdf\" target=\"_blank\">Or\u00e7amento<\/a><\/li><li><a rel=\"noreferrer noopener\" href=\"https:\/\/freguesiadeurzelina.pt\/wp-content\/uploads\/2022\/05\/PPI2021.pdf\" target=\"_blank\">Execu\u00e7\u00e3o do Plano Plurianual de Investimentos<\/a><\/li><li><a rel=\"noreferrer noopener\" href=\"https:\/\/freguesiadeurzelina.pt\/wp-content\/uploads\/2022\/05\/Plano-de-actividades-2021.pdf\" target=\"_blank\">Plano de Atividades 2021<\/a><\/li><li><a rel=\"noreferrer noopener\" href=\"https:\/\/freguesiadeurzelina.pt\/wp-content\/uploads\/2022\/05\/Resumo-diario-31-12.pdf\" target=\"_blank\">Resumo Di\u00e1rio 31\/12<\/a><\/li><li><a rel=\"noreferrer noopener\" href=\"https:\/\/freguesiadeurzelina.pt\/wp-content\/uploads\/2022\/05\/Demonstracao-de-Desempenho-Orcamental.pdf\" target=\"_blank\">Demonstra\u00e7\u00e3o de Desempenho Or\u00e7amental<\/a><\/li><li><a rel=\"noreferrer noopener\" href=\"https:\/\/freguesiadeurzelina.pt\/wp-content\/uploads\/2022\/05\/Emprestimos.pdf\" target=\"_blank\">Empr\u00e9stimos<\/a><\/li><li><a rel=\"noreferrer noopener\" href=\"https:\/\/freguesiadeurzelina.pt\/wp-content\/uploads\/2022\/05\/Dividas-a-Terceiros-por-antiguidade-de-saldos.pdf\" target=\"_blank\">D\u00edvida a Terceiros por Antiguidade de Saldos<\/a><\/li><li><a rel=\"noreferrer noopener\" href=\"https:\/\/freguesiadeurzelina.pt\/wp-content\/uploads\/2022\/05\/Reconciliacao-CEMAH-31-12.pdf\" target=\"_blank\">Reconcilia\u00e7\u00e3o CEMAH 31-12<\/a><\/li><li><a rel=\"noreferrer noopener\" href=\"https:\/\/freguesiadeurzelina.pt\/wp-content\/uploads\/2022\/05\/Sintese-das-Reconciliacoes-Bancarias.pdf\" target=\"_blank\">S\u00edntese das Reconcilia\u00e7\u00f5es Banc\u00e1rias<\/a><\/li><li><a rel=\"noreferrer noopener\" href=\"https:\/\/freguesiadeurzelina.pt\/wp-content\/uploads\/2022\/05\/Caraterizacao-da-Entidade.pdf\" target=\"_blank\">Carateriza\u00e7\u00e3o da Entidade<\/a><\/li><li><a rel=\"noreferrer noopener\" href=\"https:\/\/freguesiadeurzelina.pt\/wp-content\/uploads\/2022\/05\/Relacao-Nominal-de-Responsaveis.pdf\" target=\"_blank\">Rela\u00e7\u00e3o Nominal dos Respons\u00e1veis<\/a><\/li><li><a rel=\"noreferrer noopener\" href=\"https:\/\/freguesiadeurzelina.pt\/wp-content\/uploads\/2022\/05\/Anexo-Demonstracoes-Orcamentais.pdf\" target=\"_blank\">Anexo Demonstra\u00e7\u00f5es Or\u00e7amentais<\/a><\/li><\/ul>\n\n\n\n<h2>2020<\/h2>\n\n\n\n<ul><li><a href=\"https:\/\/freguesiadeurzelina.pt\/wp-content\/uploads\/2022\/05\/Orcamento-2020.pdf\" target=\"_blank\" rel=\"noreferrer noopener\">Or\u00e7amento<\/a><\/li><li><a rel=\"noreferrer noopener\" href=\"https:\/\/freguesiadeurzelina.pt\/wp-content\/uploads\/2022\/05\/PPA-2020.pdf\" target=\"_blank\">Execu\u00e7\u00e3o do Plano Plurianual de Atividades<\/a><\/li><li><a rel=\"noreferrer noopener\" href=\"https:\/\/freguesiadeurzelina.pt\/wp-content\/uploads\/2022\/05\/PPI-2020.pdf\" target=\"_blank\">Execu\u00e7\u00e3o do Plano Plurianual de Investimentos<\/a><\/li><li><a href=\"https:\/\/freguesiadeurzelina.pt\/wp-content\/uploads\/2022\/05\/sncDemConsDirObrg.pdf\" target=\"_blank\" rel=\"noreferrer noopener\">Demonstra\u00e7\u00e3o Consolidada de Direitos e Obriga\u00e7\u00f5es por Natureza<\/a><\/li><li><a href=\"https:\/\/freguesiadeurzelina.pt\/wp-content\/uploads\/2022\/05\/Plano-de-actividades-2021.pdf\" target=\"_blank\" rel=\"noreferrer noopener\">Demonstra\u00e7\u00e3o Consolidada do Desempenho Or\u00e7amental<\/a><\/li><\/ul>\n\n\n\n<h2>2019<\/h2>\n\n\n\n<ul><li><a rel=\"noreferrer noopener\" href=\"https:\/\/freguesiadeurzelina.pt\/wp-content\/uploads\/2022\/05\/Orcamento-2019.pdf\" target=\"_blank\">Or\u00e7amento<\/a><\/li><li><a rel=\"noreferrer noopener\" href=\"https:\/\/freguesiadeurzelina.pt\/wp-content\/uploads\/2022\/05\/Execucao-PPA-2.pdf\" target=\"_blank\">Execu\u00e7\u00e3o do Plano Plurianual de Atividade<\/a><a href=\"https:\/\/freguesiadeurzelina.pt\/wp-content\/uploads\/2022\/05\/Execucao-PPA-2.pdf\" target=\"_blank\" rel=\"noreferrer noopener\">s<\/a><\/li><li><a rel=\"noreferrer noopener\" href=\"https:\/\/freguesiadeurzelina.pt\/wp-content\/uploads\/2022\/05\/Execucao-PPI-2.pdf\" target=\"_blank\">Execu\u00e7\u00e3o do Plano Plurianual de Investimentos<\/a><\/li><\/ul>\n\n\n\n<h2>2018<\/h2>\n\n\n\n<ul><li><a rel=\"noreferrer noopener\" href=\"https:\/\/freguesiadeurzelina.pt\/wp-content\/uploads\/2022\/05\/Orcamento-2018.pdf\" target=\"_blank\">Or\u00e7amento<\/a><\/li><li><a rel=\"noreferrer noopener\" href=\"https:\/\/freguesiadeurzelina.pt\/wp-content\/uploads\/2022\/05\/Execucao-PPA-1.pdf\" target=\"_blank\">Execu\u00e7\u00e3o do Plano Plurianual de Atividade<\/a><a href=\"https:\/\/freguesiadeurzelina.pt\/wp-content\/uploads\/2022\/05\/Execucao-PPA-1.pdf\" target=\"_blank\" rel=\"noreferrer noopener\">s<\/a><\/li><li><a rel=\"noreferrer noopener\" href=\"https:\/\/freguesiadeurzelina.pt\/wp-content\/uploads\/2022\/05\/Execucao-PPI-1.pdf\" target=\"_blank\">Execu\u00e7\u00e3o do Plano Plurianual de Investimentos<\/a><\/li><\/ul>\n\n\n\n<h2>2017<\/h2>\n\n\n\n<ul><li><a rel=\"noreferrer noopener\" href=\"https:\/\/freguesiadeurzelina.pt\/wp-content\/uploads\/2022\/05\/Orcamento-2017.pdf\" target=\"_blank\">Or\u00e7amento<\/a><\/li><li><a rel=\"noreferrer noopener\" href=\"https:\/\/freguesiadeurzelina.pt\/wp-content\/uploads\/2022\/05\/Execucao-PPA.pdf\" target=\"_blank\">Execu\u00e7\u00e3o do Plano Plurianual de Atividade<\/a><a href=\"https:\/\/freguesiadeurzelina.pt\/wp-content\/uploads\/2022\/05\/Execucao-PPA.pdf\" target=\"_blank\" rel=\"noreferrer noopener\">s<\/a><\/li><li><a rel=\"noreferrer noopener\" href=\"https:\/\/freguesiadeurzelina.pt\/wp-content\/uploads\/2022\/05\/Execucao-PPI.pdf\" target=\"_blank\">Execu\u00e7\u00e3o do Plano Plurianual de Investimentos<\/a><\/li><\/ul>\n","protected":false},"excerpt":{"rendered":"<p>2026 Or\u00e7amento Plano Plurianual de Investimentos Plano de Atividades 2025 Or\u00e7amento Execu\u00e7\u00e3o do Plano Plurianual de Investimentos Plano de Atividades 2025 2024 Or\u00e7amento Execu\u00e7\u00e3o do<\/p>\n","protected":false},"author":1,"featured_media":0,"parent":0,"menu_order":0,"comment_status":"closed","ping_status":"closed","template":"","meta":[],"_links":{"self":[{"href":"https:\/\/freguesiadeurzelina.pt\/index.php?rest_route=\/wp\/v2\/pages\/13430"}],"collection":[{"href":"https:\/\/freguesiadeurzelina.pt\/index.php?rest_route=\/wp\/v2\/pages"}],"about":[{"href":"https:\/\/freguesiadeurzelina.pt\/index.php?rest_route=\/wp\/v2\/types\/page"}],"author":[{"embeddable":true,"href":"https:\/\/freguesiadeurzelina.pt\/index.php?rest_route=\/wp\/v2\/users\/1"}],"replies":[{"embeddable":true,"href":"https:\/\/freguesiadeurzelina.pt\/index.php?rest_route=%2Fwp%2Fv2%2Fcomments&post=13430"}],"version-history":[{"count":10,"href":"https:\/\/freguesiadeurzelina.pt\/index.php?rest_route=\/wp\/v2\/pages\/13430\/revisions"}],"predecessor-version":[{"id":14362,"href":"https:\/\/freguesiadeurzelina.pt\/index.php?rest_route=\/wp\/v2\/pages\/13430\/revisions\/14362"}],"wp:attachment":[{"href":"https:\/\/freguesiadeurzelina.pt\/index.php?rest_route=%2Fwp%2Fv2%2Fmedia&parent=13430"}],"curies":[{"name":"wp","href":"https:\/\/api.w.org\/{rel}","templated":true}]}}