{"id":13383,"date":"2022-02-03T10:23:16","date_gmt":"2022-02-03T11:23:16","guid":{"rendered":"http:\/\/freguesiadeurzelina.pt\/?page_id=13383"},"modified":"2025-04-15T13:11:19","modified_gmt":"2025-04-15T14:11:19","slug":"documentos-financeiros","status":"publish","type":"page","link":"https:\/\/freguesiadeurzelina.pt\/?page_id=13383","title":{"rendered":"Documentos Financeiros"},"content":{"rendered":"\n<h2>2024<\/h2>\n\n\n\n<ul><li><a rel=\"noreferrer noopener\" href=\"https:\/\/freguesiadeurzelina.pt\/wp-content\/uploads\/2025\/04\/Anexo-as-Demonstracoes-Orcamentais.pdf\" target=\"_blank\">Anexo \u00e0s Demonstra\u00e7\u00f5es Or\u00e7amentais<\/a><\/li><li><a rel=\"noreferrer noopener\" href=\"https:\/\/freguesiadeurzelina.pt\/wp-content\/uploads\/2025\/04\/Caraterizacao-da-Entidade.pdf\" target=\"_blank\">Carateriza\u00e7\u00e3o da Entidade<\/a><\/li><li><a rel=\"noreferrer noopener\" href=\"https:\/\/freguesiadeurzelina.pt\/wp-content\/uploads\/2025\/04\/Demosntracao-de-Desempenho-Orcamental.pdf\" target=\"_blank\">Demonstra\u00e7\u00e3o de Desempenho Or\u00e7amental<\/a><\/li><li><a rel=\"noreferrer noopener\" href=\"https:\/\/freguesiadeurzelina.pt\/wp-content\/uploads\/2025\/04\/Demosntracao-de-Execucao-Orcamental-da-Despesa.pdf\" target=\"_blank\">Demonstra\u00e7\u00e3o de Execu\u00e7\u00e3o Or\u00e7amental da Despesa<\/a><\/li><li><a rel=\"noreferrer noopener\" href=\"https:\/\/freguesiadeurzelina.pt\/wp-content\/uploads\/2025\/04\/Demosntracao-de-Execucao-Orcamental-da-Receita.pdf\" target=\"_blank\">Demonstra\u00e7\u00e3o de Execu\u00e7\u00e3o Or\u00e7amental da Receita<\/a><\/li><li><a rel=\"noreferrer noopener\" href=\"https:\/\/freguesiadeurzelina.pt\/wp-content\/uploads\/2025\/04\/Demonstracao-de-Execucao-do-PPI.pdf\" target=\"_blank\">Demonstracao-de-Execucao-do-PPI.pdf<\/a><\/li><li><a rel=\"noreferrer noopener\" href=\"https:\/\/freguesiadeurzelina.pt\/wp-content\/uploads\/2025\/04\/Dividas-a-Terceiros.pdf\" target=\"_blank\">Dividas a Terceiros<\/a><\/li><li><a rel=\"noreferrer noopener\" href=\"https:\/\/freguesiadeurzelina.pt\/wp-content\/uploads\/2025\/04\/Fluxos-de-Caixa.pdf\" target=\"_blank\">Fluxos de Caixa<\/a><\/li><li><a rel=\"noreferrer noopener\" href=\"https:\/\/freguesiadeurzelina.pt\/wp-content\/uploads\/2025\/04\/Mapa-de-Emprestimos.pdf\" target=\"_blank\">Mapa de Empr\u00e9stimos<\/a><\/li><li><a rel=\"noreferrer noopener\" href=\"https:\/\/freguesiadeurzelina.pt\/wp-content\/uploads\/2025\/04\/Mapa_BCB-12.pdf\" target=\"_blank\">Mapa_BCB <\/a><\/li><li><a rel=\"noreferrer noopener\" href=\"https:\/\/freguesiadeurzelina.pt\/wp-content\/uploads\/2025\/04\/Mapa_CRC-42.pdf\" target=\"_blank\">Mapa_CRC <\/a><\/li><li><a href=\"https:\/\/freguesiadeurzelina.pt\/wp-content\/uploads\/2025\/04\/Reconciliacao-Bancaria-31-12.pdf\" target=\"_blank\" rel=\"noreferrer noopener\">Reconcilia\u00e7\u00e3o Banc\u00e1ria<\/a><\/li><li><a href=\"https:\/\/freguesiadeurzelina.pt\/wp-content\/uploads\/2025\/04\/Relacao-Nominal-dos-Responsaveis.pdf\">Rela\u00e7\u00e3o Nominal dos Respons\u00e1veis<\/a><\/li><li><a href=\"https:\/\/freguesiadeurzelina.pt\/wp-content\/uploads\/2025\/04\/Relatorio-de-Gestao-Urzelina.pdf\" target=\"_blank\" rel=\"noreferrer noopener\">Relat\u00f3rio de Gest\u00e3o- Urzelina<\/a><\/li><li><a href=\"https:\/\/freguesiadeurzelina.pt\/wp-content\/uploads\/2025\/04\/Relatorio-e-Parecer-do-Orgao-de-fiscalizacao.pdf\" target=\"_blank\" rel=\"noreferrer noopener\">Relat\u00f3rio e Parecer do \u00d3rg\u00e3o de fiscaliza\u00e7\u00e3o<\/a><\/li><li><a href=\"https:\/\/freguesiadeurzelina.pt\/wp-content\/uploads\/2025\/04\/Resumo-diario-de-tesouraria-31-12-Copia.pdf\" target=\"_blank\" rel=\"noreferrer noopener\">Resumo di\u00e1rio de tesouraria<\/a><\/li><li><a href=\"https:\/\/freguesiadeurzelina.pt\/wp-content\/uploads\/2025\/04\/Sintese-de-Reconciliacoes-Bancarias-Copia.pdf\" target=\"_blank\" rel=\"noreferrer noopener\">S\u00edntese de Reconcilia\u00e7\u00f5es Banc\u00e1rias<\/a><\/li><li><a href=\"https:\/\/freguesiadeurzelina.pt\/wp-content\/uploads\/2025\/04\/Transferencia-de-Competencias-Copia.pdf\" target=\"_blank\" rel=\"noreferrer noopener\">Transfer\u00eancias de compet\u00eancias<\/a><\/li><li><a href=\"https:\/\/freguesiadeurzelina.pt\/wp-content\/uploads\/2025\/04\/ivtMapaInventario.pdf\" target=\"_blank\" rel=\"noreferrer noopener\">Mapa do Inventario<\/a> <\/li><\/ul>\n\n\n\n<h2>2023<\/h2>\n\n\n\n<ul><li><a rel=\"noreferrer noopener\" href=\"https:\/\/freguesiadeurzelina.pt\/wp-content\/uploads\/2024\/04\/Anexo-as-Demonstracoes-Orcamentais.pdf\" target=\"_blank\">Anexo \u00e0s Demonstra\u00e7\u00f5es Or\u00e7amentais<\/a><\/li><li><a rel=\"noreferrer noopener\" href=\"https:\/\/freguesiadeurzelina.pt\/wp-content\/uploads\/2024\/04\/Caraterizacao-da-Entidade.pdf\" target=\"_blank\">Carateriza\u00e7\u00e3o da Entidade<\/a><\/li><li><a rel=\"noreferrer noopener\" href=\"https:\/\/freguesiadeurzelina.pt\/wp-content\/uploads\/2024\/04\/Delegacao-de-Competencias.pdf\" target=\"_blank\">Delega\u00e7\u00e3o de Compet\u00eancias<\/a><\/li><li><a rel=\"noreferrer noopener\" href=\"https:\/\/freguesiadeurzelina.pt\/wp-content\/uploads\/2024\/04\/Demonstracao-de-Desempenho-Orcamental.pdf\" target=\"_blank\">Demonstra\u00e7\u00e3o de Desempenho Or\u00e7amental<\/a><\/li><li><a rel=\"noreferrer noopener\" href=\"https:\/\/freguesiadeurzelina.pt\/wp-content\/uploads\/2024\/04\/Demonstracao-de-Execucao-Orcamental-da-Despesa.pdf\" target=\"_blank\">Demonstra\u00e7\u00e3o de Execu\u00e7\u00e3o Or\u00e7amental da Despesa<\/a><\/li><li><a rel=\"noreferrer noopener\" href=\"https:\/\/freguesiadeurzelina.pt\/wp-content\/uploads\/2024\/04\/Demonstracao-de-Execucao-Orcamental-da-Receita.pdf\" target=\"_blank\">Demonstra\u00e7\u00e3o de Execu\u00e7\u00e3o Or\u00e7amental da Receita<\/a><\/li><li><a rel=\"noreferrer noopener\" href=\"https:\/\/freguesiadeurzelina.pt\/wp-content\/uploads\/2024\/04\/Dividas-a-Terceiros.pdf\" target=\"_blank\">Dividas a Terceiros<\/a><\/li><li><a rel=\"noreferrer noopener\" href=\"https:\/\/freguesiadeurzelina.pt\/wp-content\/uploads\/2024\/04\/Execucao-do-PPI.pdf\" target=\"_blank\">Execu\u00e7\u00e3o do PPI<\/a><\/li><li><a rel=\"noreferrer noopener\" href=\"https:\/\/freguesiadeurzelina.pt\/wp-content\/uploads\/2024\/04\/Fluxos-de-Caixa.pdf\" target=\"_blank\">Fluxos de Caixa<\/a><\/li><li><a rel=\"noreferrer noopener\" href=\"https:\/\/freguesiadeurzelina.pt\/wp-content\/uploads\/2024\/04\/Mapa-de-Emprestimos.pdf\" target=\"_blank\">Mapa de Empr\u00e9stimos<\/a><\/li><li><a rel=\"noreferrer noopener\" href=\"https:\/\/freguesiadeurzelina.pt\/wp-content\/uploads\/2024\/04\/Mapa_BCB-1.pdf\" target=\"_blank\">Mapa_BCB (1)<\/a><\/li><li><a rel=\"noreferrer noopener\" href=\"https:\/\/freguesiadeurzelina.pt\/wp-content\/uploads\/2024\/04\/Mapa_CRC-29.pdf\" target=\"_blank\">Mapa_CRC (29)<\/a><\/li><li><a rel=\"noreferrer noopener\" href=\"https:\/\/freguesiadeurzelina.pt\/wp-content\/uploads\/2024\/04\/Reconciliacao-Bancaria.pdf\" target=\"_blank\">Reconcilia\u00e7\u00e3o Banc\u00e1ria<\/a><\/li><li><a rel=\"noreferrer noopener\" href=\"https:\/\/freguesiadeurzelina.pt\/wp-content\/uploads\/2024\/04\/Relacao-Nominal-dos-Responsaveis.pdf\" target=\"_blank\">Rela\u00e7\u00e3o Nominal dos Respons\u00e1veis<\/a><\/li><li><a rel=\"noreferrer noopener\" href=\"https:\/\/freguesiadeurzelina.pt\/wp-content\/uploads\/2024\/04\/Relatorio-de-Gestao-Urzelina.pdf\" target=\"_blank\">Relat\u00f3rio de Gest\u00e3o- Urzelina<\/a><\/li><li><a rel=\"noreferrer noopener\" href=\"https:\/\/freguesiadeurzelina.pt\/wp-content\/uploads\/2024\/04\/Relatorio-e-Parecer-do-Orgao-de-fiscalizacao.pdf\" target=\"_blank\">Relat\u00f3rio e Parecer do \u00d3rg\u00e3o de fiscaliza\u00e7\u00e3o<\/a><\/li><li><a rel=\"noreferrer noopener\" href=\"https:\/\/freguesiadeurzelina.pt\/wp-content\/uploads\/2024\/04\/Resumo-diario-de-tesouraria.pdf\" target=\"_blank\">Resumo di\u00e1rio de tesouraria<\/a><\/li><li><a rel=\"noreferrer noopener\" href=\"https:\/\/freguesiadeurzelina.pt\/wp-content\/uploads\/2024\/04\/Sintese-de-Reconciliacoes-Bancarias.pdf\" target=\"_blank\">S\u00edntese de Reconcilia\u00e7\u00f5es Banc\u00e1rias<\/a><\/li><li><a rel=\"noreferrer noopener\" href=\"https:\/\/freguesiadeurzelina.pt\/wp-content\/uploads\/2024\/04\/Transferencias-de-competencias.pdf\" target=\"_blank\">Transfer\u00eancias de compet\u00eancias<\/a><\/li><li><a href=\"https:\/\/freguesiadeurzelina.pt\/wp-content\/uploads\/2024\/04\/Mapa-de-divulgacao-do-inventario.pdf\" target=\"_blank\" rel=\"noreferrer noopener\">Mapa do Inventario<\/a> <\/li><\/ul>\n\n\n\n<h2>2022<\/h2>\n\n\n\n<ul><li><a rel=\"noreferrer noopener\" href=\"https:\/\/freguesiadeurzelina.pt\/wp-content\/uploads\/2023\/04\/Anexo-as-Demonstracoes-Orcamentais.pdf\" target=\"_blank\">Anexo \u00e0s Demonstra\u00e7\u00f5es Or\u00e7amentais<\/a><\/li><li><a rel=\"noreferrer noopener\" href=\"https:\/\/freguesiadeurzelina.pt\/wp-content\/uploads\/2023\/04\/Demonstracao-de-Desempenho-Orcamental.pdf\" target=\"_blank\">Demonstra\u00e7\u00e3o de Desempenho Or\u00e7amental<\/a><\/li><li><a rel=\"noreferrer noopener\" href=\"https:\/\/freguesiadeurzelina.pt\/wp-content\/uploads\/2023\/04\/Demonstracao-de-Execucao-Orcamental-da-Despesa.pdf\" target=\"_blank\">Demonstra\u00e7\u00e3o de Execu\u00e7\u00e3o Or\u00e7amental da Despesa<\/a><\/li><li><a rel=\"noreferrer noopener\" href=\"https:\/\/freguesiadeurzelina.pt\/wp-content\/uploads\/2023\/04\/Demonstracao-de-Execucao-Orcamental-da-Receita.pdf\" target=\"_blank\">Demonstra\u00e7\u00e3o de Execu\u00e7\u00e3o Or\u00e7amental da Receita<\/a><\/li><li><a rel=\"noreferrer noopener\" href=\"https:\/\/freguesiadeurzelina.pt\/wp-content\/uploads\/2023\/04\/Execucao-ao-PPI.pdf\" target=\"_blank\">Execu\u00e7\u00e3o ao PPI<\/a><\/li><li><a rel=\"noreferrer noopener\" href=\"https:\/\/freguesiadeurzelina.pt\/wp-content\/uploads\/2023\/04\/Resumo-diario-de-Tesouraria.pdf\" target=\"_blank\">Resumo di\u00e1rio de Tesouraria<\/a><\/li><li><a href=\"https:\/\/freguesiadeurzelina.pt\/wp-content\/uploads\/2023\/04\/ivtMapaInventario.pdf\" target=\"_blank\" rel=\"noreferrer noopener\">Invent\u00e1rio<\/a><\/li><\/ul>\n","protected":false},"excerpt":{"rendered":"<p>2024 Anexo \u00e0s Demonstra\u00e7\u00f5es Or\u00e7amentais Carateriza\u00e7\u00e3o da Entidade Demonstra\u00e7\u00e3o de Desempenho Or\u00e7amental Demonstra\u00e7\u00e3o de Execu\u00e7\u00e3o Or\u00e7amental da Despesa Demonstra\u00e7\u00e3o de Execu\u00e7\u00e3o Or\u00e7amental da Receita Demonstracao-de-Execucao-do-PPI.pdf<\/p>\n","protected":false},"author":1,"featured_media":0,"parent":0,"menu_order":0,"comment_status":"closed","ping_status":"closed","template":"","meta":[],"_links":{"self":[{"href":"https:\/\/freguesiadeurzelina.pt\/index.php?rest_route=\/wp\/v2\/pages\/13383"}],"collection":[{"href":"https:\/\/freguesiadeurzelina.pt\/index.php?rest_route=\/wp\/v2\/pages"}],"about":[{"href":"https:\/\/freguesiadeurzelina.pt\/index.php?rest_route=\/wp\/v2\/types\/page"}],"author":[{"embeddable":true,"href":"https:\/\/freguesiadeurzelina.pt\/index.php?rest_route=\/wp\/v2\/users\/1"}],"replies":[{"embeddable":true,"href":"https:\/\/freguesiadeurzelina.pt\/index.php?rest_route=%2Fwp%2Fv2%2Fcomments&post=13383"}],"version-history":[{"count":6,"href":"https:\/\/freguesiadeurzelina.pt\/index.php?rest_route=\/wp\/v2\/pages\/13383\/revisions"}],"predecessor-version":[{"id":14267,"href":"https:\/\/freguesiadeurzelina.pt\/index.php?rest_route=\/wp\/v2\/pages\/13383\/revisions\/14267"}],"wp:attachment":[{"href":"https:\/\/freguesiadeurzelina.pt\/index.php?rest_route=%2Fwp%2Fv2%2Fmedia&parent=13383"}],"curies":[{"name":"wp","href":"https:\/\/api.w.org\/{rel}","templated":true}]}}